{"id":871,"date":"2022-05-18T09:25:44","date_gmt":"2022-05-18T07:25:44","guid":{"rendered":"https:\/\/ukalicha.cz\/beverage-card\/"},"modified":"2022-06-15T13:31:39","modified_gmt":"2022-06-15T11:31:39","slug":"beverage-card","status":"publish","type":"page","link":"https:\/\/ukalicha.cz\/en\/beverage-card\/","title":{"rendered":"Beverage card"},"content":{"rendered":"\t\t<div data-elementor-type=\"wp-page\" data-elementor-id=\"871\" class=\"elementor elementor-871 elementor-32\" data-elementor-post-type=\"page\">\n\t\t\t\t\t\t<section class=\"elementor-section elementor-top-section elementor-element elementor-element-7ee4112 elementor-section-boxed elementor-section-height-default elementor-section-height-default\" data-id=\"7ee4112\" data-element_type=\"section\" data-e-type=\"section\" data-settings=\"{&quot;jet_parallax_layout_list&quot;:[]}\">\n\t\t\t\t\t\t<div class=\"elementor-container elementor-column-gap-no\">\n\t\t\t\t\t<div class=\"elementor-column elementor-col-100 elementor-top-column elementor-element elementor-element-e169d2a\" data-id=\"e169d2a\" data-element_type=\"column\" data-e-type=\"column\">\n\t\t\t<div class=\"elementor-widget-wrap elementor-element-populated\">\n\t\t\t\t\t\t<div class=\"elementor-element elementor-element-498b3da elementor-widget elementor-widget-jet-listing-grid\" data-id=\"498b3da\" data-element_type=\"widget\" data-e-type=\"widget\" data-settings=\"{&quot;columns&quot;:&quot;1&quot;}\" data-widget_type=\"jet-listing-grid.default\">\n\t\t\t\t<div class=\"elementor-widget-container\">\n\t\t\t\t\t<div class=\"jet-listing-grid jet-listing\"><div class=\"jet-listing-grid__items grid-col-desk-1 grid-col-tablet-1 grid-col-mobile-1 jet-listing-grid--240\" data-queried-id=\"871|WP_Post\" data-nav=\"{&quot;enabled&quot;:false,&quot;type&quot;:null,&quot;more_el&quot;:null,&quot;query&quot;:[],&quot;widget_settings&quot;:{&quot;lisitng_id&quot;:240,&quot;posts_num&quot;:150,&quot;columns&quot;:1,&quot;columns_tablet&quot;:1,&quot;columns_mobile&quot;:1,&quot;is_archive_template&quot;:&quot;&quot;,&quot;post_status&quot;:[&quot;publish&quot;],&quot;use_random_posts_num&quot;:&quot;&quot;,&quot;max_posts_num&quot;:9,&quot;not_found_message&quot;:&quot;We are preparing for you...&quot;,&quot;is_masonry&quot;:false,&quot;equal_columns_height&quot;:&quot;&quot;,&quot;use_load_more&quot;:&quot;&quot;,&quot;load_more_id&quot;:&quot;&quot;,&quot;load_more_type&quot;:&quot;click&quot;,&quot;load_more_offset&quot;:{&quot;unit&quot;:&quot;px&quot;,&quot;size&quot;:0,&quot;sizes&quot;:[]},&quot;use_custom_post_types&quot;:&quot;&quot;,&quot;custom_post_types&quot;:[],&quot;hide_widget_if&quot;:&quot;&quot;,&quot;carousel_enabled&quot;:&quot;&quot;,&quot;slides_to_scroll&quot;:&quot;1&quot;,&quot;arrows&quot;:&quot;true&quot;,&quot;arrow_icon&quot;:&quot;fa fa-angle-left&quot;,&quot;dots&quot;:&quot;&quot;,&quot;autoplay&quot;:&quot;true&quot;,&quot;pause_on_hover&quot;:&quot;true&quot;,&quot;autoplay_speed&quot;:5000,&quot;infinite&quot;:&quot;true&quot;,&quot;center_mode&quot;:&quot;&quot;,&quot;effect&quot;:&quot;slide&quot;,&quot;speed&quot;:500,&quot;inject_alternative_items&quot;:&quot;&quot;,&quot;injection_items&quot;:[],&quot;scroll_slider_enabled&quot;:&quot;&quot;,&quot;scroll_slider_on&quot;:[&quot;desktop&quot;,&quot;tablet&quot;,&quot;mobile&quot;],&quot;custom_query&quot;:false,&quot;custom_query_id&quot;:&quot;&quot;,&quot;_element_id&quot;:&quot;&quot;,&quot;collapse_first_last_gap&quot;:false,&quot;list_items_wrapper_tag&quot;:&quot;div&quot;,&quot;list_item_tag&quot;:&quot;div&quot;,&quot;empty_items_wrapper_tag&quot;:&quot;div&quot;}}\" data-page=\"1\" data-pages=\"1\" data-listing-source=\"posts\" data-listing-id=\"240\" data-query-id=\"\"><div class=\"jet-listing-grid__item jet-listing-dynamic-post-902\" data-post-id=\"902\" >\t\t<div data-elementor-type=\"jet-listing-items\" data-elementor-id=\"240\" class=\"elementor elementor-240\" data-elementor-post-type=\"jet-engine\">\n\t\t\t\t\t\t<section class=\"elementor-section elementor-top-section elementor-element elementor-element-d270080 elementor-section-boxed elementor-section-height-default elementor-section-height-default\" data-id=\"d270080\" data-element_type=\"section\" data-e-type=\"section\" data-settings=\"{&quot;jet_parallax_layout_list&quot;:[]}\">\n\t\t\t\t\t\t<div class=\"elementor-container elementor-column-gap-default\">\n\t\t\t\t\t<div class=\"elementor-column elementor-col-100 elementor-top-column elementor-element elementor-element-a1b3fe0\" data-id=\"a1b3fe0\" data-element_type=\"column\" data-e-type=\"column\">\n\t\t\t<div class=\"elementor-widget-wrap elementor-element-populated\">\n\t\t\t\t\t\t<div class=\"elementor-element elementor-element-179f02c elementor-widget elementor-widget-heading\" data-id=\"179f02c\" data-element_type=\"widget\" data-e-type=\"widget\" data-widget_type=\"heading.default\">\n\t\t\t\t<div class=\"elementor-widget-container\">\n\t\t\t\t\t<h2 class=\"elementor-heading-title elementor-size-default\">beer<\/h2>\t\t\t\t<\/div>\n\t\t\t\t<\/div>\n\t\t\t\t<div class=\"elementor-element elementor-element-0d805b7 menu-items elementor-widget elementor-widget-jet-listing-dynamic-repeater\" data-id=\"0d805b7\" data-element_type=\"widget\" data-e-type=\"widget\" data-widget_type=\"jet-listing-dynamic-repeater.default\">\n\t\t\t\t<div class=\"elementor-widget-container\">\n\t\t\t\t\t<div class=\"jet-listing jet-listing-dynamic-repeater\"><div class=\"jet-listing-dynamic-repeater__items \"><div class=\"jet-listing-dynamic-repeater__item\"><div class=\"menu-items__wrapper\">\n<div class=\"menu-item__name\">Pilsner Urquell, pale lager ... 0,50 l<\/div>\n<div class=\"menu-item__price\">...&nbsp;85 CZK<\/div>\n<\/div><\/div><div class=\"jet-listing-dynamic-repeater__item\"><div class=\"menu-items__wrapper\">\n<div class=\"menu-item__name\">Pilsner Urquell, pale lager ... 0,30 l<\/div>\n<div class=\"menu-item__price\">...&nbsp;69 CZK<\/div>\n<\/div><\/div><div class=\"jet-listing-dynamic-repeater__item\"><div class=\"menu-items__wrapper\">\n<div class=\"menu-item__name\">Velkopopovick\u00fd Kozel \u010cern\u00fd, dark beer ... 0,50 l<\/div>\n<div class=\"menu-item__price\">...&nbsp;85 CZK<\/div>\n<\/div><\/div><div class=\"jet-listing-dynamic-repeater__item\"><div class=\"menu-items__wrapper\">\n<div class=\"menu-item__name\">Velkopopovick\u00fd Kozel \u010cern\u00fd, dark beer ... 0,30 l<\/div>\n<div class=\"menu-item__price\">...&nbsp;69 CZK<\/div>\n<\/div><\/div><div class=\"jet-listing-dynamic-repeater__item\"><div class=\"menu-items__wrapper\">\n<div class=\"menu-item__name\">Half and half beer<\/div>\n<div class=\"menu-item__price\">...&nbsp;85 CZK<\/div>\n<\/div><\/div><div class=\"jet-listing-dynamic-repeater__item\"><div class=\"menu-items__wrapper\">\n<div class=\"menu-item__name\">Birell \u2013 non-alcoholic beer (bottled) ... 0,50 l<\/div>\n<div class=\"menu-item__price\">...&nbsp;85 CZK<\/div>\n<\/div><\/div><\/div><\/div>\t\t\t\t<\/div>\n\t\t\t\t<\/div>\n\t\t\t\t\t<\/div>\n\t\t<\/div>\n\t\t\t\t\t<\/div>\n\t\t<\/section>\n\t\t\t\t<\/div>\n\t\t<\/div><div class=\"jet-listing-grid__item jet-listing-dynamic-post-904\" data-post-id=\"904\" >\t\t<div data-elementor-type=\"jet-listing-items\" data-elementor-id=\"240\" class=\"elementor elementor-240\" data-elementor-post-type=\"jet-engine\">\n\t\t\t\t\t\t<section class=\"elementor-section elementor-top-section elementor-element elementor-element-d270080 elementor-section-boxed elementor-section-height-default elementor-section-height-default\" data-id=\"d270080\" data-element_type=\"section\" data-e-type=\"section\" data-settings=\"{&quot;jet_parallax_layout_list&quot;:[]}\">\n\t\t\t\t\t\t<div class=\"elementor-container elementor-column-gap-default\">\n\t\t\t\t\t<div class=\"elementor-column elementor-col-100 elementor-top-column elementor-element elementor-element-a1b3fe0\" data-id=\"a1b3fe0\" data-element_type=\"column\" data-e-type=\"column\">\n\t\t\t<div class=\"elementor-widget-wrap elementor-element-populated\">\n\t\t\t\t\t\t<div class=\"elementor-element elementor-element-179f02c elementor-widget elementor-widget-heading\" data-id=\"179f02c\" data-element_type=\"widget\" data-e-type=\"widget\" data-widget_type=\"heading.default\">\n\t\t\t\t<div class=\"elementor-widget-container\">\n\t\t\t\t\t<h2 class=\"elementor-heading-title elementor-size-default\">wine<\/h2>\t\t\t\t<\/div>\n\t\t\t\t<\/div>\n\t\t\t\t<div class=\"elementor-element elementor-element-0d805b7 menu-items elementor-widget elementor-widget-jet-listing-dynamic-repeater\" data-id=\"0d805b7\" data-element_type=\"widget\" data-e-type=\"widget\" data-widget_type=\"jet-listing-dynamic-repeater.default\">\n\t\t\t\t<div class=\"elementor-widget-container\">\n\t\t\t\t\t<div class=\"jet-listing jet-listing-dynamic-repeater\"><div class=\"jet-listing-dynamic-repeater__items \"><div class=\"jet-listing-dynamic-repeater__item\"><div class=\"menu-items__wrapper\">\n<div class=\"menu-item__name\">White \/ red wine ... 0,15 l<\/div>\n<div class=\"menu-item__price\">...&nbsp;115 CZK<\/div>\n<\/div><\/div><div class=\"jet-listing-dynamic-repeater__item\"><div class=\"menu-items__wrapper\">\n<div class=\"menu-item__name\">White \/ red wine ... 0,75 l<\/div>\n<div class=\"menu-item__price\">...&nbsp;579 CZK<\/div>\n<\/div><\/div><div class=\"jet-listing-dynamic-repeater__item\"><div class=\"menu-items__wrapper\">\n<div class=\"menu-item__name\">Sparkling wine ... 0,75 l<\/div>\n<div class=\"menu-item__price\">...&nbsp;655 CZK<\/div>\n<\/div><\/div><\/div><\/div>\t\t\t\t<\/div>\n\t\t\t\t<\/div>\n\t\t\t\t\t<\/div>\n\t\t<\/div>\n\t\t\t\t\t<\/div>\n\t\t<\/section>\n\t\t\t\t<\/div>\n\t\t<\/div><div class=\"jet-listing-grid__item jet-listing-dynamic-post-1212\" data-post-id=\"1212\" >\t\t<div data-elementor-type=\"jet-listing-items\" data-elementor-id=\"240\" class=\"elementor elementor-240\" data-elementor-post-type=\"jet-engine\">\n\t\t\t\t\t\t<section class=\"elementor-section elementor-top-section elementor-element elementor-element-d270080 elementor-section-boxed elementor-section-height-default elementor-section-height-default\" data-id=\"d270080\" data-element_type=\"section\" data-e-type=\"section\" data-settings=\"{&quot;jet_parallax_layout_list&quot;:[]}\">\n\t\t\t\t\t\t<div class=\"elementor-container elementor-column-gap-default\">\n\t\t\t\t\t<div class=\"elementor-column elementor-col-100 elementor-top-column elementor-element elementor-element-a1b3fe0\" data-id=\"a1b3fe0\" data-element_type=\"column\" data-e-type=\"column\">\n\t\t\t<div class=\"elementor-widget-wrap elementor-element-populated\">\n\t\t\t\t\t\t<div class=\"elementor-element elementor-element-179f02c elementor-widget elementor-widget-heading\" data-id=\"179f02c\" data-element_type=\"widget\" data-e-type=\"widget\" data-widget_type=\"heading.default\">\n\t\t\t\t<div class=\"elementor-widget-container\">\n\t\t\t\t\t<h2 class=\"elementor-heading-title elementor-size-default\">spirits, liqueurs<\/h2>\t\t\t\t<\/div>\n\t\t\t\t<\/div>\n\t\t\t\t<div class=\"elementor-element elementor-element-0d805b7 menu-items elementor-widget elementor-widget-jet-listing-dynamic-repeater\" data-id=\"0d805b7\" data-element_type=\"widget\" data-e-type=\"widget\" data-widget_type=\"jet-listing-dynamic-repeater.default\">\n\t\t\t\t<div class=\"elementor-widget-container\">\n\t\t\t\t\t<div class=\"jet-listing jet-listing-dynamic-repeater\"><div class=\"jet-listing-dynamic-repeater__items \"><div class=\"jet-listing-dynamic-repeater__item\"><div class=\"menu-items__wrapper\">\n<div class=\"menu-item__name\">Slivovice ... 0,04 l<\/div>\n<div class=\"menu-item__price\">...&nbsp;169 CZK<\/div>\n<\/div><\/div><div class=\"jet-listing-dynamic-repeater__item\"><div class=\"menu-items__wrapper\">\n<div class=\"menu-item__name\">Navr\u00e1tilova slivovica ... 0,04 l<\/div>\n<div class=\"menu-item__price\">...&nbsp;249 CZK<\/div>\n<\/div><\/div><div class=\"jet-listing-dynamic-repeater__item\"><div class=\"menu-items__wrapper\">\n<div class=\"menu-item__name\">Meru\u0148kovice ... 0,04 l<\/div>\n<div class=\"menu-item__price\">...&nbsp;169 CZK<\/div>\n<\/div><\/div><div class=\"jet-listing-dynamic-repeater__item\"><div class=\"menu-items__wrapper\">\n<div class=\"menu-item__name\">Meru\u0148kovica ze Skanzenu Modr\u00e1 ... 0,04 l<\/div>\n<div class=\"menu-item__price\">...&nbsp;249 CZK<\/div>\n<\/div><\/div><div class=\"jet-listing-dynamic-repeater__item\"><div class=\"menu-items__wrapper\">\n<div class=\"menu-item__name\">Hru\u0161kovice ... 0,04 l<\/div>\n<div class=\"menu-item__price\">...&nbsp;169 CZK<\/div>\n<\/div><\/div><div class=\"jet-listing-dynamic-repeater__item\"><div class=\"menu-items__wrapper\">\n<div class=\"menu-item__name\">Kontu\u0161ovka ... 0,04 l<\/div>\n<div class=\"menu-item__price\">...&nbsp;169 CZK<\/div>\n<\/div><\/div><div class=\"jet-listing-dynamic-repeater__item\"><div class=\"menu-items__wrapper\">\n<div class=\"menu-item__name\">Km\u00ednka ... 0,04 l<\/div>\n<div class=\"menu-item__price\">...&nbsp;215 CZK<\/div>\n<\/div><\/div><div class=\"jet-listing-dynamic-repeater__item\"><div class=\"menu-items__wrapper\">\n<div class=\"menu-item__name\">O\u0159echovka ... 0,04 l<\/div>\n<div class=\"menu-item__price\">...&nbsp;169 CZK<\/div>\n<\/div><\/div><div class=\"jet-listing-dynamic-repeater__item\"><div class=\"menu-items__wrapper\">\n<div class=\"menu-item__name\">Ho\u0159k\u00e1 ... 0,04 l<\/div>\n<div class=\"menu-item__price\">...&nbsp;149 CZK<\/div>\n<\/div><\/div><div class=\"jet-listing-dynamic-repeater__item\"><div class=\"menu-items__wrapper\">\n<div class=\"menu-item__name\">\u010cert ... 0,04 l<\/div>\n<div class=\"menu-item__price\">...&nbsp;149 CZK<\/div>\n<\/div><\/div><div class=\"jet-listing-dynamic-repeater__item\"><div class=\"menu-items__wrapper\">\n<div class=\"menu-item__name\">Griotka ... 0,04 l<\/div>\n<div class=\"menu-item__price\">...&nbsp;149 CZK<\/div>\n<\/div><\/div><div class=\"jet-listing-dynamic-repeater__item\"><div class=\"menu-items__wrapper\">\n<div class=\"menu-item__name\">Zelen\u00e1 ... 0,04 l<\/div>\n<div class=\"menu-item__price\">...&nbsp;149 CZK<\/div>\n<\/div><\/div><div class=\"jet-listing-dynamic-repeater__item\"><div class=\"menu-items__wrapper\">\n<div class=\"menu-item__name\">Vaje\u010d\u0148\u00e1k ... 0,04 l<\/div>\n<div class=\"menu-item__price\">...&nbsp;149 CZK<\/div>\n<\/div><\/div><div class=\"jet-listing-dynamic-repeater__item\"><div class=\"menu-items__wrapper\">\n<div class=\"menu-item__name\">Tuzem\u00e1k ... 0,04 l<\/div>\n<div class=\"menu-item__price\">...&nbsp;149 CZK<\/div>\n<\/div><\/div><div class=\"jet-listing-dynamic-repeater__item\"><div class=\"menu-items__wrapper\">\n<div class=\"menu-item__name\">Rum Bo\u017ekov Republica Reserva ... 0,04 l<\/div>\n<div class=\"menu-item__price\">...&nbsp;179 CZK<\/div>\n<\/div><\/div><div class=\"jet-listing-dynamic-repeater__item\"><div class=\"menu-items__wrapper\">\n<div class=\"menu-item__name\">Vodka Bo\u017ekov Republica ... 0,04 l<\/div>\n<div class=\"menu-item__price\">...&nbsp;169 CZK<\/div>\n<\/div><\/div><div class=\"jet-listing-dynamic-repeater__item\"><div class=\"menu-items__wrapper\">\n<div class=\"menu-item__name\">Fernet Stock ... 0,04 l<\/div>\n<div class=\"menu-item__price\">...&nbsp;169 CZK<\/div>\n<\/div><\/div><div class=\"jet-listing-dynamic-repeater__item\"><div class=\"menu-items__wrapper\">\n<div class=\"menu-item__name\">Becherovka ... 0,04 l<\/div>\n<div class=\"menu-item__price\">...&nbsp;169 CZK<\/div>\n<\/div><\/div><\/div><\/div>\t\t\t\t<\/div>\n\t\t\t\t<\/div>\n\t\t\t\t\t<\/div>\n\t\t<\/div>\n\t\t\t\t\t<\/div>\n\t\t<\/section>\n\t\t\t\t<\/div>\n\t\t<\/div><div class=\"jet-listing-grid__item jet-listing-dynamic-post-1213\" data-post-id=\"1213\" >\t\t<div data-elementor-type=\"jet-listing-items\" data-elementor-id=\"240\" class=\"elementor elementor-240\" data-elementor-post-type=\"jet-engine\">\n\t\t\t\t\t\t<section class=\"elementor-section elementor-top-section elementor-element elementor-element-d270080 elementor-section-boxed elementor-section-height-default elementor-section-height-default\" data-id=\"d270080\" data-element_type=\"section\" data-e-type=\"section\" data-settings=\"{&quot;jet_parallax_layout_list&quot;:[]}\">\n\t\t\t\t\t\t<div class=\"elementor-container elementor-column-gap-default\">\n\t\t\t\t\t<div class=\"elementor-column elementor-col-100 elementor-top-column elementor-element elementor-element-a1b3fe0\" data-id=\"a1b3fe0\" data-element_type=\"column\" data-e-type=\"column\">\n\t\t\t<div class=\"elementor-widget-wrap elementor-element-populated\">\n\t\t\t\t\t\t<div class=\"elementor-element elementor-element-179f02c elementor-widget elementor-widget-heading\" data-id=\"179f02c\" data-element_type=\"widget\" data-e-type=\"widget\" data-widget_type=\"heading.default\">\n\t\t\t\t<div class=\"elementor-widget-container\">\n\t\t\t\t\t<h2 class=\"elementor-heading-title elementor-size-default\">soda drinks, non-alcoholic drinks<\/h2>\t\t\t\t<\/div>\n\t\t\t\t<\/div>\n\t\t\t\t<div class=\"elementor-element elementor-element-0d805b7 menu-items elementor-widget elementor-widget-jet-listing-dynamic-repeater\" data-id=\"0d805b7\" data-element_type=\"widget\" data-e-type=\"widget\" data-widget_type=\"jet-listing-dynamic-repeater.default\">\n\t\t\t\t<div class=\"elementor-widget-container\">\n\t\t\t\t\t<div class=\"jet-listing jet-listing-dynamic-repeater\"><div class=\"jet-listing-dynamic-repeater__items \"><div class=\"jet-listing-dynamic-repeater__item\"><div class=\"menu-items__wrapper\">\n<div class=\"menu-item__name\">Zon lemonades (lemon, cola, tonic, lime, orange, apple, raspberry, multivitamin) ... 0,33 l<\/div>\n<div class=\"menu-item__price\">...&nbsp;79 CZK<\/div>\n<\/div><\/div><div class=\"jet-listing-dynamic-repeater__item\"><div class=\"menu-items__wrapper\">\n<div class=\"menu-item__name\">Zon water (sparkling, still, soda water) ... 0,33 l<\/div>\n<div class=\"menu-item__price\">...&nbsp;65 CZK<\/div>\n<\/div><\/div><\/div><\/div>\t\t\t\t<\/div>\n\t\t\t\t<\/div>\n\t\t\t\t\t<\/div>\n\t\t<\/div>\n\t\t\t\t\t<\/div>\n\t\t<\/section>\n\t\t\t\t<\/div>\n\t\t<\/div><div class=\"jet-listing-grid__item jet-listing-dynamic-post-1214\" data-post-id=\"1214\" >\t\t<div data-elementor-type=\"jet-listing-items\" data-elementor-id=\"240\" class=\"elementor elementor-240\" data-elementor-post-type=\"jet-engine\">\n\t\t\t\t\t\t<section class=\"elementor-section elementor-top-section elementor-element elementor-element-d270080 elementor-section-boxed elementor-section-height-default elementor-section-height-default\" data-id=\"d270080\" data-element_type=\"section\" data-e-type=\"section\" data-settings=\"{&quot;jet_parallax_layout_list&quot;:[]}\">\n\t\t\t\t\t\t<div class=\"elementor-container elementor-column-gap-default\">\n\t\t\t\t\t<div class=\"elementor-column elementor-col-100 elementor-top-column elementor-element elementor-element-a1b3fe0\" data-id=\"a1b3fe0\" data-element_type=\"column\" data-e-type=\"column\">\n\t\t\t<div class=\"elementor-widget-wrap elementor-element-populated\">\n\t\t\t\t\t\t<div class=\"elementor-element elementor-element-179f02c elementor-widget elementor-widget-heading\" data-id=\"179f02c\" data-element_type=\"widget\" data-e-type=\"widget\" data-widget_type=\"heading.default\">\n\t\t\t\t<div class=\"elementor-widget-container\">\n\t\t\t\t\t<h2 class=\"elementor-heading-title elementor-size-default\">hot drinks<\/h2>\t\t\t\t<\/div>\n\t\t\t\t<\/div>\n\t\t\t\t<div class=\"elementor-element elementor-element-0d805b7 menu-items elementor-widget elementor-widget-jet-listing-dynamic-repeater\" data-id=\"0d805b7\" data-element_type=\"widget\" data-e-type=\"widget\" data-widget_type=\"jet-listing-dynamic-repeater.default\">\n\t\t\t\t<div class=\"elementor-widget-container\">\n\t\t\t\t\t<div class=\"jet-listing jet-listing-dynamic-repeater\"><div class=\"jet-listing-dynamic-repeater__items \"><div class=\"jet-listing-dynamic-repeater__item\"><div class=\"menu-items__wrapper\">\n<div class=\"menu-item__name\">Coffee (espresso, lungo)<\/div>\n<div class=\"menu-item__price\">...&nbsp;75 CZK<\/div>\n<\/div><\/div><div class=\"jet-listing-dynamic-repeater__item\"><div class=\"menu-items__wrapper\">\n<div class=\"menu-item__name\">Tea (black, green, fruit) <\/div>\n<div class=\"menu-item__price\">...&nbsp;75 CZK<\/div>\n<\/div><\/div><div class=\"jet-listing-dynamic-repeater__item\"><div class=\"menu-items__wrapper\">\n<div class=\"menu-item__name\">Mulled wine<\/div>\n<div class=\"menu-item__price\">...&nbsp;185 CZK<\/div>\n<\/div><\/div><div class=\"jet-listing-dynamic-repeater__item\"><div class=\"menu-items__wrapper\">\n<div class=\"menu-item__name\">Grog<\/div>\n<div class=\"menu-item__price\">...&nbsp;159 CZK<\/div>\n<\/div><\/div><\/div><\/div>\t\t\t\t<\/div>\n\t\t\t\t<\/div>\n\t\t\t\t\t<\/div>\n\t\t<\/div>\n\t\t\t\t\t<\/div>\n\t\t<\/section>\n\t\t\t\t<\/div>\n\t\t<\/div><\/div><\/div>\t\t\t\t<\/div>\n\t\t\t\t<\/div>\n\t\t\t\t\t<\/div>\n\t\t<\/div>\n\t\t\t\t\t<\/div>\n\t\t<\/section>\n\t\t\t\t<\/div>\n\t\t","protected":false},"excerpt":{"rendered":"<p>Pilsner Urquell, sv\u011btl\u00fd le\u017e\u00e1k \u2013\u201ehladinka\u201c &#8230; 0,50 l &#8230; &#8230;&nbsp;59 K\u010d Pilsner Urquell, sv\u011btl\u00fd le\u017e\u00e1k \u2013\u201e\u0161nyt\u201c &#8230; 0,30 l &#8230; &#8230;&nbsp;49 K\u010d Plze\u0148sk\u00fd Prazdroj, sv\u011btl\u00fd le\u017e\u00e1k &#8230; 0,30 l &#8230; &#8230;&nbsp;49 K\u010d Birell \u2013 nealkoholick\u00e9 pivo (lahvov\u00e9) &#8230; 0,50 l &#8230; &#8230;&nbsp;49 K\u010d b\u00edl\u00e9 \/ \u010derven\u00e9 &#8230; 0,15 l &#8230; &#8230;&nbsp;79 K\u010d b\u00edl\u00e9 \/ \u010derven\u00e9 [&hellip;]<\/p>\n","protected":false},"author":2,"featured_media":0,"parent":0,"menu_order":0,"comment_status":"closed","ping_status":"closed","template":"","meta":{"footnotes":""},"class_list":["post-871","page","type-page","status-publish","hentry"],"acf":[],"_links":{"self":[{"href":"https:\/\/ukalicha.cz\/en\/wp-json\/wp\/v2\/pages\/871","targetHints":{"allow":["GET"]}}],"collection":[{"href":"https:\/\/ukalicha.cz\/en\/wp-json\/wp\/v2\/pages"}],"about":[{"href":"https:\/\/ukalicha.cz\/en\/wp-json\/wp\/v2\/types\/page"}],"author":[{"embeddable":true,"href":"https:\/\/ukalicha.cz\/en\/wp-json\/wp\/v2\/users\/2"}],"replies":[{"embeddable":true,"href":"https:\/\/ukalicha.cz\/en\/wp-json\/wp\/v2\/comments?post=871"}],"version-history":[{"count":17,"href":"https:\/\/ukalicha.cz\/en\/wp-json\/wp\/v2\/pages\/871\/revisions"}],"predecessor-version":[{"id":1547,"href":"https:\/\/ukalicha.cz\/en\/wp-json\/wp\/v2\/pages\/871\/revisions\/1547"}],"wp:attachment":[{"href":"https:\/\/ukalicha.cz\/en\/wp-json\/wp\/v2\/media?parent=871"}],"curies":[{"name":"wp","href":"https:\/\/api.w.org\/{rel}","templated":true}]}}