{"id":907,"date":"2022-05-18T09:26:02","date_gmt":"2022-05-18T07:26:02","guid":{"rendered":"https:\/\/ukalicha.cz\/gallery\/"},"modified":"2022-06-15T13:13:29","modified_gmt":"2022-06-15T11:13:29","slug":"gallery","status":"publish","type":"page","link":"https:\/\/ukalicha.cz\/en\/gallery\/","title":{"rendered":"Gallery"},"content":{"rendered":"\t\t<div data-elementor-type=\"wp-page\" data-elementor-id=\"907\" class=\"elementor elementor-907 elementor-34\" data-elementor-post-type=\"page\">\n\t\t\t\t\t\t<section class=\"elementor-section elementor-top-section elementor-element elementor-element-0e53bc7 elementor-section-height-min-height elementor-section-boxed elementor-section-height-default elementor-section-items-middle\" data-id=\"0e53bc7\" data-element_type=\"section\" data-e-type=\"section\" data-settings=\"{&quot;jet_parallax_layout_list&quot;:[]}\">\n\t\t\t\t\t\t<div class=\"elementor-container elementor-column-gap-default\">\n\t\t\t\t\t<div class=\"elementor-column elementor-col-100 elementor-top-column elementor-element elementor-element-53d76a1\" data-id=\"53d76a1\" data-element_type=\"column\" data-e-type=\"column\">\n\t\t\t<div class=\"elementor-widget-wrap elementor-element-populated\">\n\t\t\t\t\t\t<div class=\"elementor-element elementor-element-0da1612 elementor-widget elementor-widget-gallery\" data-id=\"0da1612\" data-element_type=\"widget\" data-e-type=\"widget\" data-settings=\"{&quot;columns&quot;:3,&quot;gap&quot;:{&quot;unit&quot;:&quot;px&quot;,&quot;size&quot;:20,&quot;sizes&quot;:[]},&quot;columns_mobile&quot;:2,&quot;gap_mobile&quot;:{&quot;unit&quot;:&quot;px&quot;,&quot;size&quot;:20,&quot;sizes&quot;:[]},&quot;lazyload&quot;:&quot;yes&quot;,&quot;gallery_layout&quot;:&quot;grid&quot;,&quot;columns_tablet&quot;:2,&quot;gap_tablet&quot;:{&quot;unit&quot;:&quot;px&quot;,&quot;size&quot;:10,&quot;sizes&quot;:[]},&quot;link_to&quot;:&quot;file&quot;,&quot;aspect_ratio&quot;:&quot;3:2&quot;,&quot;overlay_background&quot;:&quot;yes&quot;,&quot;content_hover_animation&quot;:&quot;fade-in&quot;}\" data-widget_type=\"gallery.default\">\n\t\t\t\t<div class=\"elementor-widget-container\">\n\t\t\t\t\t\t\t<div class=\"elementor-gallery__container\">\n\t\t\t\t\t\t\t<a class=\"e-gallery-item elementor-gallery-item elementor-animated-content\" href=\"https:\/\/ukalicha.cz\/wp-content\/uploads\/2022\/10\/g15.jpg\" data-elementor-open-lightbox=\"yes\" data-elementor-lightbox-slideshow=\"0da1612\" data-elementor-lightbox-title=\"g15\" data-e-action-hash=\"#elementor-action%3Aaction%3Dlightbox%26settings%3DeyJpZCI6MTc1OCwidXJsIjoiaHR0cHM6XC9cL3VrYWxpY2hhLmN6XC93cC1jb250ZW50XC91cGxvYWRzXC8yMDIyXC8xMFwvZzE1LmpwZyIsInNsaWRlc2hvdyI6IjBkYTE2MTIifQ%3D%3D\">\n\t\t\t\t\t<div class=\"e-gallery-image elementor-gallery-item__image\" data-thumbnail=\"https:\/\/ukalicha.cz\/wp-content\/uploads\/2022\/10\/g15-768x614.jpg\" data-width=\"768\" data-height=\"614\" aria-label=\"\" role=\"img\" ><\/div>\n\t\t\t\t\t\t\t\t\t\t\t<div class=\"elementor-gallery-item__overlay\"><\/div>\n\t\t\t\t\t\t\t\t\t\t\t\t\t\t<\/a>\n\t\t\t\t\t\t\t<a class=\"e-gallery-item elementor-gallery-item elementor-animated-content\" href=\"https:\/\/ukalicha.cz\/wp-content\/uploads\/2022\/10\/g13.jpg\" data-elementor-open-lightbox=\"yes\" data-elementor-lightbox-slideshow=\"0da1612\" data-elementor-lightbox-title=\"g13\" data-e-action-hash=\"#elementor-action%3Aaction%3Dlightbox%26settings%3DeyJpZCI6MTc1NCwidXJsIjoiaHR0cHM6XC9cL3VrYWxpY2hhLmN6XC93cC1jb250ZW50XC91cGxvYWRzXC8yMDIyXC8xMFwvZzEzLmpwZyIsInNsaWRlc2hvdyI6IjBkYTE2MTIifQ%3D%3D\">\n\t\t\t\t\t<div class=\"e-gallery-image elementor-gallery-item__image\" data-thumbnail=\"https:\/\/ukalicha.cz\/wp-content\/uploads\/2022\/10\/g13-768x614.jpg\" data-width=\"768\" data-height=\"614\" aria-label=\"\" role=\"img\" ><\/div>\n\t\t\t\t\t\t\t\t\t\t\t<div class=\"elementor-gallery-item__overlay\"><\/div>\n\t\t\t\t\t\t\t\t\t\t\t\t\t\t<\/a>\n\t\t\t\t\t\t\t<a class=\"e-gallery-item elementor-gallery-item elementor-animated-content\" href=\"https:\/\/ukalicha.cz\/wp-content\/uploads\/2022\/10\/g11.jpg\" data-elementor-open-lightbox=\"yes\" data-elementor-lightbox-slideshow=\"0da1612\" data-elementor-lightbox-title=\"g11\" data-e-action-hash=\"#elementor-action%3Aaction%3Dlightbox%26settings%3DeyJpZCI6MTc1MCwidXJsIjoiaHR0cHM6XC9cL3VrYWxpY2hhLmN6XC93cC1jb250ZW50XC91cGxvYWRzXC8yMDIyXC8xMFwvZzExLmpwZyIsInNsaWRlc2hvdyI6IjBkYTE2MTIifQ%3D%3D\">\n\t\t\t\t\t<div class=\"e-gallery-image elementor-gallery-item__image\" data-thumbnail=\"https:\/\/ukalicha.cz\/wp-content\/uploads\/2022\/10\/g11-768x614.jpg\" data-width=\"768\" data-height=\"614\" aria-label=\"\" role=\"img\" ><\/div>\n\t\t\t\t\t\t\t\t\t\t\t<div class=\"elementor-gallery-item__overlay\"><\/div>\n\t\t\t\t\t\t\t\t\t\t\t\t\t\t<\/a>\n\t\t\t\t\t\t\t<a class=\"e-gallery-item elementor-gallery-item elementor-animated-content\" href=\"https:\/\/ukalicha.cz\/wp-content\/uploads\/2022\/10\/g14.jpg\" data-elementor-open-lightbox=\"yes\" data-elementor-lightbox-slideshow=\"0da1612\" data-elementor-lightbox-title=\"g14\" data-e-action-hash=\"#elementor-action%3Aaction%3Dlightbox%26settings%3DeyJpZCI6MTc1NiwidXJsIjoiaHR0cHM6XC9cL3VrYWxpY2hhLmN6XC93cC1jb250ZW50XC91cGxvYWRzXC8yMDIyXC8xMFwvZzE0LmpwZyIsInNsaWRlc2hvdyI6IjBkYTE2MTIifQ%3D%3D\">\n\t\t\t\t\t<div class=\"e-gallery-image elementor-gallery-item__image\" data-thumbnail=\"https:\/\/ukalicha.cz\/wp-content\/uploads\/2022\/10\/g14-768x614.jpg\" data-width=\"768\" data-height=\"614\" aria-label=\"\" role=\"img\" ><\/div>\n\t\t\t\t\t\t\t\t\t\t\t<div class=\"elementor-gallery-item__overlay\"><\/div>\n\t\t\t\t\t\t\t\t\t\t\t\t\t\t<\/a>\n\t\t\t\t\t\t\t<a class=\"e-gallery-item elementor-gallery-item elementor-animated-content\" href=\"https:\/\/ukalicha.cz\/wp-content\/uploads\/2022\/10\/g10.jpg\" data-elementor-open-lightbox=\"yes\" data-elementor-lightbox-slideshow=\"0da1612\" data-elementor-lightbox-title=\"g10\" data-e-action-hash=\"#elementor-action%3Aaction%3Dlightbox%26settings%3DeyJpZCI6MTc0OCwidXJsIjoiaHR0cHM6XC9cL3VrYWxpY2hhLmN6XC93cC1jb250ZW50XC91cGxvYWRzXC8yMDIyXC8xMFwvZzEwLmpwZyIsInNsaWRlc2hvdyI6IjBkYTE2MTIifQ%3D%3D\">\n\t\t\t\t\t<div class=\"e-gallery-image elementor-gallery-item__image\" data-thumbnail=\"https:\/\/ukalicha.cz\/wp-content\/uploads\/2022\/10\/g10-768x614.jpg\" data-width=\"768\" data-height=\"614\" aria-label=\"\" role=\"img\" ><\/div>\n\t\t\t\t\t\t\t\t\t\t\t<div class=\"elementor-gallery-item__overlay\"><\/div>\n\t\t\t\t\t\t\t\t\t\t\t\t\t\t<\/a>\n\t\t\t\t\t\t\t<a class=\"e-gallery-item elementor-gallery-item elementor-animated-content\" href=\"https:\/\/ukalicha.cz\/wp-content\/uploads\/2022\/10\/g12.jpg\" data-elementor-open-lightbox=\"yes\" data-elementor-lightbox-slideshow=\"0da1612\" data-elementor-lightbox-title=\"g12\" data-e-action-hash=\"#elementor-action%3Aaction%3Dlightbox%26settings%3DeyJpZCI6MTc1MiwidXJsIjoiaHR0cHM6XC9cL3VrYWxpY2hhLmN6XC93cC1jb250ZW50XC91cGxvYWRzXC8yMDIyXC8xMFwvZzEyLmpwZyIsInNsaWRlc2hvdyI6IjBkYTE2MTIifQ%3D%3D\">\n\t\t\t\t\t<div class=\"e-gallery-image elementor-gallery-item__image\" data-thumbnail=\"https:\/\/ukalicha.cz\/wp-content\/uploads\/2022\/10\/g12-768x614.jpg\" data-width=\"768\" data-height=\"614\" aria-label=\"\" role=\"img\" ><\/div>\n\t\t\t\t\t\t\t\t\t\t\t<div class=\"elementor-gallery-item__overlay\"><\/div>\n\t\t\t\t\t\t\t\t\t\t\t\t\t\t<\/a>\n\t\t\t\t\t\t\t<a class=\"e-gallery-item elementor-gallery-item elementor-animated-content\" href=\"https:\/\/ukalicha.cz\/wp-content\/uploads\/2022\/10\/g17.jpg\" data-elementor-open-lightbox=\"yes\" data-elementor-lightbox-slideshow=\"0da1612\" data-elementor-lightbox-title=\"g17\" data-e-action-hash=\"#elementor-action%3Aaction%3Dlightbox%26settings%3DeyJpZCI6MTc2MiwidXJsIjoiaHR0cHM6XC9cL3VrYWxpY2hhLmN6XC93cC1jb250ZW50XC91cGxvYWRzXC8yMDIyXC8xMFwvZzE3LmpwZyIsInNsaWRlc2hvdyI6IjBkYTE2MTIifQ%3D%3D\">\n\t\t\t\t\t<div class=\"e-gallery-image elementor-gallery-item__image\" data-thumbnail=\"https:\/\/ukalicha.cz\/wp-content\/uploads\/2022\/10\/g17-768x614.jpg\" data-width=\"768\" data-height=\"614\" aria-label=\"\" role=\"img\" ><\/div>\n\t\t\t\t\t\t\t\t\t\t\t<div class=\"elementor-gallery-item__overlay\"><\/div>\n\t\t\t\t\t\t\t\t\t\t\t\t\t\t<\/a>\n\t\t\t\t\t\t\t<a class=\"e-gallery-item elementor-gallery-item elementor-animated-content\" href=\"https:\/\/ukalicha.cz\/wp-content\/uploads\/2022\/07\/g09.jpg\" data-elementor-open-lightbox=\"yes\" data-elementor-lightbox-slideshow=\"0da1612\" data-elementor-lightbox-title=\"P\u0159edkrm - Olomouck\u00e9 tvar\u016f\u017eky\" data-e-action-hash=\"#elementor-action%3Aaction%3Dlightbox%26settings%3DeyJpZCI6MTcxMywidXJsIjoiaHR0cHM6XC9cL3VrYWxpY2hhLmN6XC93cC1jb250ZW50XC91cGxvYWRzXC8yMDIyXC8wN1wvZzA5LmpwZyIsInNsaWRlc2hvdyI6IjBkYTE2MTIifQ%3D%3D\">\n\t\t\t\t\t<div class=\"e-gallery-image elementor-gallery-item__image\" data-thumbnail=\"https:\/\/ukalicha.cz\/wp-content\/uploads\/2022\/07\/g09-768x614.jpg\" data-width=\"768\" data-height=\"614\" aria-label=\"P\u0159edkrm - Olomouck\u00e9 tvar\u016f\u017eky\" role=\"img\" ><\/div>\n\t\t\t\t\t\t\t\t\t\t\t<div class=\"elementor-gallery-item__overlay\"><\/div>\n\t\t\t\t\t\t\t\t\t\t\t\t\t\t<\/a>\n\t\t\t\t\t\t\t<a class=\"e-gallery-item elementor-gallery-item elementor-animated-content\" href=\"https:\/\/ukalicha.cz\/wp-content\/uploads\/2022\/07\/g08.jpg\" data-elementor-open-lightbox=\"yes\" data-elementor-lightbox-slideshow=\"0da1612\" data-elementor-lightbox-title=\"P\u0159edkrm - Utopenec\" data-e-action-hash=\"#elementor-action%3Aaction%3Dlightbox%26settings%3DeyJpZCI6MTcxMSwidXJsIjoiaHR0cHM6XC9cL3VrYWxpY2hhLmN6XC93cC1jb250ZW50XC91cGxvYWRzXC8yMDIyXC8wN1wvZzA4LmpwZyIsInNsaWRlc2hvdyI6IjBkYTE2MTIifQ%3D%3D\">\n\t\t\t\t\t<div class=\"e-gallery-image elementor-gallery-item__image\" data-thumbnail=\"https:\/\/ukalicha.cz\/wp-content\/uploads\/2022\/07\/g08-768x614.jpg\" data-width=\"768\" data-height=\"614\" aria-label=\"P\u0159edkrm - Utopenec\" role=\"img\" ><\/div>\n\t\t\t\t\t\t\t\t\t\t\t<div class=\"elementor-gallery-item__overlay\"><\/div>\n\t\t\t\t\t\t\t\t\t\t\t\t\t\t<\/a>\n\t\t\t\t\t\t\t<a class=\"e-gallery-item elementor-gallery-item elementor-animated-content\" href=\"https:\/\/ukalicha.cz\/wp-content\/uploads\/2022\/07\/g07.jpg\" data-elementor-open-lightbox=\"yes\" data-elementor-lightbox-slideshow=\"0da1612\" data-elementor-lightbox-title=\"P\u0159edkrm - S\u00fdr Romadur\" data-e-action-hash=\"#elementor-action%3Aaction%3Dlightbox%26settings%3DeyJpZCI6MTcwOSwidXJsIjoiaHR0cHM6XC9cL3VrYWxpY2hhLmN6XC93cC1jb250ZW50XC91cGxvYWRzXC8yMDIyXC8wN1wvZzA3LmpwZyIsInNsaWRlc2hvdyI6IjBkYTE2MTIifQ%3D%3D\">\n\t\t\t\t\t<div class=\"e-gallery-image elementor-gallery-item__image\" data-thumbnail=\"https:\/\/ukalicha.cz\/wp-content\/uploads\/2022\/07\/g07-768x614.jpg\" data-width=\"768\" data-height=\"614\" aria-label=\"P\u0159edkrm - S\u00fdr Romadur\" role=\"img\" ><\/div>\n\t\t\t\t\t\t\t\t\t\t\t<div class=\"elementor-gallery-item__overlay\"><\/div>\n\t\t\t\t\t\t\t\t\t\t\t\t\t\t<\/a>\n\t\t\t\t\t\t\t<a class=\"e-gallery-item elementor-gallery-item elementor-animated-content\" href=\"https:\/\/ukalicha.cz\/wp-content\/uploads\/2022\/07\/g06.jpg\" data-elementor-open-lightbox=\"yes\" data-elementor-lightbox-slideshow=\"0da1612\" data-elementor-lightbox-title=\"Fotografie velk\u00e9 m\u00edstnosti\" data-e-action-hash=\"#elementor-action%3Aaction%3Dlightbox%26settings%3DeyJpZCI6MTcwNywidXJsIjoiaHR0cHM6XC9cL3VrYWxpY2hhLmN6XC93cC1jb250ZW50XC91cGxvYWRzXC8yMDIyXC8wN1wvZzA2LmpwZyIsInNsaWRlc2hvdyI6IjBkYTE2MTIifQ%3D%3D\">\n\t\t\t\t\t<div class=\"e-gallery-image elementor-gallery-item__image\" data-thumbnail=\"https:\/\/ukalicha.cz\/wp-content\/uploads\/2022\/07\/g06-768x614.jpg\" data-width=\"768\" data-height=\"614\" aria-label=\"Fotografie velk\u00e9 m\u00edstnosti\" role=\"img\" ><\/div>\n\t\t\t\t\t\t\t\t\t\t\t<div class=\"elementor-gallery-item__overlay\"><\/div>\n\t\t\t\t\t\t\t\t\t\t\t\t\t\t<\/a>\n\t\t\t\t\t\t\t<a class=\"e-gallery-item elementor-gallery-item elementor-animated-content\" href=\"https:\/\/ukalicha.cz\/wp-content\/uploads\/2022\/07\/g05.jpg\" data-elementor-open-lightbox=\"yes\" data-elementor-lightbox-slideshow=\"0da1612\" data-elementor-lightbox-title=\"Limon\u00e1dy Zon\" data-e-action-hash=\"#elementor-action%3Aaction%3Dlightbox%26settings%3DeyJpZCI6MTcwNSwidXJsIjoiaHR0cHM6XC9cL3VrYWxpY2hhLmN6XC93cC1jb250ZW50XC91cGxvYWRzXC8yMDIyXC8wN1wvZzA1LmpwZyIsInNsaWRlc2hvdyI6IjBkYTE2MTIifQ%3D%3D\">\n\t\t\t\t\t<div class=\"e-gallery-image elementor-gallery-item__image\" data-thumbnail=\"https:\/\/ukalicha.cz\/wp-content\/uploads\/2022\/07\/g05-768x614.jpg\" data-width=\"768\" data-height=\"614\" aria-label=\"Limon\u00e1dy Zon\" role=\"img\" ><\/div>\n\t\t\t\t\t\t\t\t\t\t\t<div class=\"elementor-gallery-item__overlay\"><\/div>\n\t\t\t\t\t\t\t\t\t\t\t\t\t\t<\/a>\n\t\t\t\t\t\t\t<a class=\"e-gallery-item elementor-gallery-item elementor-animated-content\" href=\"https:\/\/ukalicha.cz\/wp-content\/uploads\/2022\/07\/g04.jpg\" data-elementor-open-lightbox=\"yes\" data-elementor-lightbox-slideshow=\"0da1612\" data-elementor-lightbox-title=\"P\u0159edkrm - Hork\u00fd p\u00e1rek z p\u0159e\u0161t\u00edka\" data-e-action-hash=\"#elementor-action%3Aaction%3Dlightbox%26settings%3DeyJpZCI6MTcwMywidXJsIjoiaHR0cHM6XC9cL3VrYWxpY2hhLmN6XC93cC1jb250ZW50XC91cGxvYWRzXC8yMDIyXC8wN1wvZzA0LmpwZyIsInNsaWRlc2hvdyI6IjBkYTE2MTIifQ%3D%3D\">\n\t\t\t\t\t<div class=\"e-gallery-image elementor-gallery-item__image\" data-thumbnail=\"https:\/\/ukalicha.cz\/wp-content\/uploads\/2022\/07\/g04-768x614.jpg\" data-width=\"768\" data-height=\"614\" aria-label=\"P\u0159edkrm - Hork\u00fd p\u00e1rek z p\u0159e\u0161t\u00edka\" role=\"img\" ><\/div>\n\t\t\t\t\t\t\t\t\t\t\t<div class=\"elementor-gallery-item__overlay\"><\/div>\n\t\t\t\t\t\t\t\t\t\t\t\t\t\t<\/a>\n\t\t\t\t\t\t\t<a class=\"e-gallery-item elementor-gallery-item elementor-animated-content\" href=\"https:\/\/ukalicha.cz\/wp-content\/uploads\/2022\/07\/g03.jpg\" data-elementor-open-lightbox=\"yes\" data-elementor-lightbox-slideshow=\"0da1612\" data-elementor-lightbox-title=\"Pilsner Urquell s j\u00eddeln\u00edm l\u00edstkem\" data-e-action-hash=\"#elementor-action%3Aaction%3Dlightbox%26settings%3DeyJpZCI6MTcwMSwidXJsIjoiaHR0cHM6XC9cL3VrYWxpY2hhLmN6XC93cC1jb250ZW50XC91cGxvYWRzXC8yMDIyXC8wN1wvZzAzLmpwZyIsInNsaWRlc2hvdyI6IjBkYTE2MTIifQ%3D%3D\">\n\t\t\t\t\t<div class=\"e-gallery-image elementor-gallery-item__image\" data-thumbnail=\"https:\/\/ukalicha.cz\/wp-content\/uploads\/2022\/07\/g03-768x614.jpg\" data-width=\"768\" data-height=\"614\" aria-label=\"Pilsner Urquell s j\u00eddeln\u00edm l\u00edstkem\" role=\"img\" ><\/div>\n\t\t\t\t\t\t\t\t\t\t\t<div class=\"elementor-gallery-item__overlay\"><\/div>\n\t\t\t\t\t\t\t\t\t\t\t\t\t\t<\/a>\n\t\t\t\t\t\t\t<a class=\"e-gallery-item elementor-gallery-item elementor-animated-content\" href=\"https:\/\/ukalicha.cz\/wp-content\/uploads\/2022\/07\/g02.jpg\" data-elementor-open-lightbox=\"yes\" data-elementor-lightbox-slideshow=\"0da1612\" data-elementor-lightbox-title=\"Vstup do Hospody U Kalicha\" data-e-action-hash=\"#elementor-action%3Aaction%3Dlightbox%26settings%3DeyJpZCI6MTY5OSwidXJsIjoiaHR0cHM6XC9cL3VrYWxpY2hhLmN6XC93cC1jb250ZW50XC91cGxvYWRzXC8yMDIyXC8wN1wvZzAyLmpwZyIsInNsaWRlc2hvdyI6IjBkYTE2MTIifQ%3D%3D\">\n\t\t\t\t\t<div class=\"e-gallery-image elementor-gallery-item__image\" data-thumbnail=\"https:\/\/ukalicha.cz\/wp-content\/uploads\/2022\/07\/g02-768x614.jpg\" data-width=\"768\" data-height=\"614\" aria-label=\"Vstup do Hospody U Kalicha\" role=\"img\" ><\/div>\n\t\t\t\t\t\t\t\t\t\t\t<div class=\"elementor-gallery-item__overlay\"><\/div>\n\t\t\t\t\t\t\t\t\t\t\t\t\t\t<\/a>\n\t\t\t\t\t\t\t<a class=\"e-gallery-item elementor-gallery-item elementor-animated-content\" href=\"https:\/\/ukalicha.cz\/wp-content\/uploads\/2022\/07\/g01.jpg\" data-elementor-open-lightbox=\"yes\" data-elementor-lightbox-slideshow=\"0da1612\" data-elementor-lightbox-title=\"Fotografie velk\u00e9 m\u00edstnosti 2\" data-e-action-hash=\"#elementor-action%3Aaction%3Dlightbox%26settings%3DeyJpZCI6MTY5NywidXJsIjoiaHR0cHM6XC9cL3VrYWxpY2hhLmN6XC93cC1jb250ZW50XC91cGxvYWRzXC8yMDIyXC8wN1wvZzAxLmpwZyIsInNsaWRlc2hvdyI6IjBkYTE2MTIifQ%3D%3D\">\n\t\t\t\t\t<div class=\"e-gallery-image elementor-gallery-item__image\" data-thumbnail=\"https:\/\/ukalicha.cz\/wp-content\/uploads\/2022\/07\/g01-768x614.jpg\" data-width=\"768\" data-height=\"614\" aria-label=\"Fotografie velk\u00e9 m\u00edstnosti 2\" role=\"img\" ><\/div>\n\t\t\t\t\t\t\t\t\t\t\t<div class=\"elementor-gallery-item__overlay\"><\/div>\n\t\t\t\t\t\t\t\t\t\t\t\t\t\t<\/a>\n\t\t\t\t\t\t\t<a class=\"e-gallery-item elementor-gallery-item elementor-animated-content\" href=\"https:\/\/ukalicha.cz\/wp-content\/uploads\/2022\/10\/g16.jpg\" data-elementor-open-lightbox=\"yes\" data-elementor-lightbox-slideshow=\"0da1612\" data-elementor-lightbox-title=\"g16\" data-e-action-hash=\"#elementor-action%3Aaction%3Dlightbox%26settings%3DeyJpZCI6MTc2MCwidXJsIjoiaHR0cHM6XC9cL3VrYWxpY2hhLmN6XC93cC1jb250ZW50XC91cGxvYWRzXC8yMDIyXC8xMFwvZzE2LmpwZyIsInNsaWRlc2hvdyI6IjBkYTE2MTIifQ%3D%3D\">\n\t\t\t\t\t<div class=\"e-gallery-image elementor-gallery-item__image\" data-thumbnail=\"https:\/\/ukalicha.cz\/wp-content\/uploads\/2022\/10\/g16-768x614.jpg\" data-width=\"768\" data-height=\"614\" aria-label=\"\" role=\"img\" ><\/div>\n\t\t\t\t\t\t\t\t\t\t\t<div class=\"elementor-gallery-item__overlay\"><\/div>\n\t\t\t\t\t\t\t\t\t\t\t\t\t\t<\/a>\n\t\t\t\t\t<\/div>\n\t\t\t\t\t<\/div>\n\t\t\t\t<\/div>\n\t\t\t\t\t<\/div>\n\t\t<\/div>\n\t\t\t\t\t<\/div>\n\t\t<\/section>\n\t\t\t\t<\/div>\n\t\t","protected":false},"excerpt":{"rendered":"","protected":false},"author":2,"featured_media":0,"parent":0,"menu_order":0,"comment_status":"closed","ping_status":"closed","template":"","meta":{"footnotes":""},"class_list":["post-907","page","type-page","status-publish","hentry"],"acf":[],"_links":{"self":[{"href":"https:\/\/ukalicha.cz\/en\/wp-json\/wp\/v2\/pages\/907","targetHints":{"allow":["GET"]}}],"collection":[{"href":"https:\/\/ukalicha.cz\/en\/wp-json\/wp\/v2\/pages"}],"about":[{"href":"https:\/\/ukalicha.cz\/en\/wp-json\/wp\/v2\/types\/page"}],"author":[{"embeddable":true,"href":"https:\/\/ukalicha.cz\/en\/wp-json\/wp\/v2\/users\/2"}],"replies":[{"embeddable":true,"href":"https:\/\/ukalicha.cz\/en\/wp-json\/wp\/v2\/comments?post=907"}],"version-history":[{"count":1,"href":"https:\/\/ukalicha.cz\/en\/wp-json\/wp\/v2\/pages\/907\/revisions"}],"predecessor-version":[{"id":908,"href":"https:\/\/ukalicha.cz\/en\/wp-json\/wp\/v2\/pages\/907\/revisions\/908"}],"wp:attachment":[{"href":"https:\/\/ukalicha.cz\/en\/wp-json\/wp\/v2\/media?parent=907"}],"curies":[{"name":"wp","href":"https:\/\/api.w.org\/{rel}","templated":true}]}}