{"id":967,"date":"2022-05-18T09:25:23","date_gmt":"2022-05-18T07:25:23","guid":{"rendered":"https:\/\/ukalicha.cz\/food-card\/"},"modified":"2022-06-27T16:07:10","modified_gmt":"2022-06-27T14:07:10","slug":"food-card","status":"publish","type":"page","link":"https:\/\/ukalicha.cz\/en\/food-card\/","title":{"rendered":"Food card"},"content":{"rendered":"\t\t<div data-elementor-type=\"wp-page\" data-elementor-id=\"967\" class=\"elementor elementor-967 elementor-30\" data-elementor-post-type=\"page\">\n\t\t\t\t\t\t<section class=\"elementor-section elementor-top-section elementor-element elementor-element-5cc6112 elementor-section-boxed elementor-section-height-default elementor-section-height-default\" data-id=\"5cc6112\" data-element_type=\"section\" data-e-type=\"section\" data-settings=\"{&quot;jet_parallax_layout_list&quot;:[]}\">\n\t\t\t\t\t\t<div class=\"elementor-container elementor-column-gap-no\">\n\t\t\t\t\t<div class=\"elementor-column elementor-col-100 elementor-top-column elementor-element elementor-element-d860225\" data-id=\"d860225\" data-element_type=\"column\" data-e-type=\"column\">\n\t\t\t<div class=\"elementor-widget-wrap elementor-element-populated\">\n\t\t\t\t\t\t<div class=\"elementor-element elementor-element-77da35a elementor-widget elementor-widget-jet-listing-grid\" data-id=\"77da35a\" data-element_type=\"widget\" data-e-type=\"widget\" data-settings=\"{&quot;columns&quot;:&quot;1&quot;}\" data-widget_type=\"jet-listing-grid.default\">\n\t\t\t\t<div class=\"elementor-widget-container\">\n\t\t\t\t\t<div class=\"jet-listing-grid jet-listing\"><div class=\"jet-listing-grid__items grid-col-desk-1 grid-col-tablet-1 grid-col-mobile-1 jet-listing-grid--224\" data-queried-id=\"967|WP_Post\" data-nav=\"{&quot;enabled&quot;:false,&quot;type&quot;:null,&quot;more_el&quot;:null,&quot;query&quot;:[],&quot;widget_settings&quot;:{&quot;lisitng_id&quot;:224,&quot;posts_num&quot;:100,&quot;columns&quot;:1,&quot;columns_tablet&quot;:1,&quot;columns_mobile&quot;:1,&quot;is_archive_template&quot;:&quot;&quot;,&quot;post_status&quot;:[&quot;publish&quot;],&quot;use_random_posts_num&quot;:&quot;&quot;,&quot;max_posts_num&quot;:9,&quot;not_found_message&quot;:&quot;We are preparing just for you...&quot;,&quot;is_masonry&quot;:false,&quot;equal_columns_height&quot;:&quot;&quot;,&quot;use_load_more&quot;:&quot;&quot;,&quot;load_more_id&quot;:&quot;&quot;,&quot;load_more_type&quot;:&quot;click&quot;,&quot;load_more_offset&quot;:{&quot;unit&quot;:&quot;px&quot;,&quot;size&quot;:0,&quot;sizes&quot;:[]},&quot;use_custom_post_types&quot;:&quot;&quot;,&quot;custom_post_types&quot;:[],&quot;hide_widget_if&quot;:&quot;&quot;,&quot;carousel_enabled&quot;:&quot;&quot;,&quot;slides_to_scroll&quot;:&quot;1&quot;,&quot;arrows&quot;:&quot;true&quot;,&quot;arrow_icon&quot;:&quot;fa fa-angle-left&quot;,&quot;dots&quot;:&quot;&quot;,&quot;autoplay&quot;:&quot;true&quot;,&quot;pause_on_hover&quot;:&quot;true&quot;,&quot;autoplay_speed&quot;:5000,&quot;infinite&quot;:&quot;true&quot;,&quot;center_mode&quot;:&quot;&quot;,&quot;effect&quot;:&quot;slide&quot;,&quot;speed&quot;:500,&quot;inject_alternative_items&quot;:&quot;&quot;,&quot;injection_items&quot;:[],&quot;scroll_slider_enabled&quot;:&quot;&quot;,&quot;scroll_slider_on&quot;:[&quot;desktop&quot;,&quot;tablet&quot;,&quot;mobile&quot;],&quot;custom_query&quot;:false,&quot;custom_query_id&quot;:&quot;&quot;,&quot;_element_id&quot;:&quot;&quot;,&quot;collapse_first_last_gap&quot;:false,&quot;list_items_wrapper_tag&quot;:&quot;div&quot;,&quot;list_item_tag&quot;:&quot;div&quot;,&quot;empty_items_wrapper_tag&quot;:&quot;div&quot;}}\" data-page=\"1\" data-pages=\"1\" data-listing-source=\"posts\" data-listing-id=\"224\" data-query-id=\"\"><div class=\"jet-listing-grid__item jet-listing-dynamic-post-1199\" data-post-id=\"1199\" >\t\t<div data-elementor-type=\"jet-listing-items\" data-elementor-id=\"224\" class=\"elementor elementor-224\" data-elementor-post-type=\"jet-engine\">\n\t\t\t\t\t\t<section class=\"elementor-section elementor-top-section elementor-element elementor-element-54afd43 elementor-section-boxed elementor-section-height-default elementor-section-height-default\" data-id=\"54afd43\" data-element_type=\"section\" data-e-type=\"section\" data-settings=\"{&quot;jet_parallax_layout_list&quot;:[]}\">\n\t\t\t\t\t\t<div class=\"elementor-container elementor-column-gap-default\">\n\t\t\t\t\t<div class=\"elementor-column elementor-col-100 elementor-top-column elementor-element elementor-element-aa8bd8c\" data-id=\"aa8bd8c\" data-element_type=\"column\" data-e-type=\"column\">\n\t\t\t<div class=\"elementor-widget-wrap elementor-element-populated\">\n\t\t\t\t\t\t<div class=\"elementor-element elementor-element-700d1bd elementor-widget elementor-widget-heading\" data-id=\"700d1bd\" data-element_type=\"widget\" data-e-type=\"widget\" data-widget_type=\"heading.default\">\n\t\t\t\t<div class=\"elementor-widget-container\">\n\t\t\t\t\t<h2 class=\"elementor-heading-title elementor-size-default\">starters, appetizers<\/h2>\t\t\t\t<\/div>\n\t\t\t\t<\/div>\n\t\t\t\t<div class=\"elementor-element elementor-element-0b5a08b menu-items elementor-widget elementor-widget-jet-listing-dynamic-repeater\" data-id=\"0b5a08b\" data-element_type=\"widget\" data-e-type=\"widget\" data-widget_type=\"jet-listing-dynamic-repeater.default\">\n\t\t\t\t<div class=\"elementor-widget-container\">\n\t\t\t\t\t<div class=\"jet-listing jet-listing-dynamic-repeater\"><div class=\"jet-listing-dynamic-repeater__items \"><div class=\"jet-listing-dynamic-repeater__item\"><div class=\"menu-items__wrapper\">\n<div class=\"menu-item__name\">Original Kalich\u2019s potato pancakes (5 pcs)<\/div>\n<div class=\"menu-item__price\">...&nbsp;159 CZK<\/div>\n<\/div><\/div><div class=\"jet-listing-dynamic-repeater__item\"><div class=\"menu-items__wrapper\">\n<div class=\"menu-item__name\">Prague ham with horseradish mayonnaise<\/div>\n<div class=\"menu-item__price\">...&nbsp;259 CZK<\/div>\n<\/div><\/div><div class=\"jet-listing-dynamic-repeater__item\"><div class=\"menu-items__wrapper\">\n<div class=\"menu-item__name\">Hot sausage with mixed mustard and fresh horseradish<\/div>\n<div class=\"menu-item__price\">...&nbsp;219 CZK<\/div>\n<\/div><\/div><div class=\"jet-listing-dynamic-repeater__item\"><div class=\"menu-items__wrapper\">\n<div class=\"menu-item__name\">Sausages with onion, vinegar and cucumbers<\/div>\n<div class=\"menu-item__price\">...&nbsp;239 CZK<\/div>\n<\/div><\/div><div class=\"jet-listing-dynamic-repeater__item\"><div class=\"menu-items__wrapper\">\n<div class=\"menu-item__name\">Potato pancakes with sauerkraut<\/div>\n<div class=\"menu-item__price\">...&nbsp;215 CZK<\/div>\n<\/div><\/div><div class=\"jet-listing-dynamic-repeater__item\"><div class=\"menu-items__wrapper\">\n<div class=\"menu-item__name\">Camembert marinated in oil with red onion and hot pepper<\/div>\n<div class=\"menu-item__price\">...&nbsp;239 CZK<\/div>\n<\/div><\/div><div class=\"jet-listing-dynamic-repeater__item\"><div class=\"menu-items__wrapper\">\n<div class=\"menu-item__name\">Beer fermented Olomouck\u00e9 tvar\u016f\u017eky (original ripenning cheese), butter<\/div>\n<div class=\"menu-item__price\">...&nbsp;259 CZK<\/div>\n<\/div><\/div><div class=\"jet-listing-dynamic-repeater__item\"><div class=\"menu-items__wrapper\">\n<div class=\"menu-item__name\">Balkan cheese marinated in herbal olive oil<\/div>\n<div class=\"menu-item__price\">...&nbsp;319 CZK<\/div>\n<\/div><\/div><div class=\"jet-listing-dynamic-repeater__item\"><div class=\"menu-items__wrapper\">\n<div class=\"menu-item__name\">Goose liver pat\u00e9 with cranberries<\/div>\n<div class=\"menu-item__price\">...&nbsp;295 CZK<\/div>\n<\/div><\/div><div class=\"jet-listing-dynamic-repeater__item\"><div class=\"menu-items__wrapper\">\n<div class=\"menu-item__name\">Chicken rilettes with spring onion<\/div>\n<div class=\"menu-item__price\">...&nbsp;319 CZK<\/div>\n<\/div><\/div><div class=\"jet-listing-dynamic-repeater__item\"><div class=\"menu-items__wrapper\">\n<div class=\"menu-item__name\">Selection of appetizers (approx. for 6 people)<\/div>\n<div class=\"menu-item__price\">...&nbsp;1.590 CZK<\/div>\n<\/div><\/div><\/div><\/div>\t\t\t\t<\/div>\n\t\t\t\t<\/div>\n\t\t\t\t\t<\/div>\n\t\t<\/div>\n\t\t\t\t\t<\/div>\n\t\t<\/section>\n\t\t\t\t<\/div>\n\t\t<\/div><div class=\"jet-listing-grid__item jet-listing-dynamic-post-1810\" data-post-id=\"1810\" >\t\t<div data-elementor-type=\"jet-listing-items\" data-elementor-id=\"224\" class=\"elementor elementor-224\" data-elementor-post-type=\"jet-engine\">\n\t\t\t\t\t\t<section class=\"elementor-section elementor-top-section elementor-element elementor-element-54afd43 elementor-section-boxed elementor-section-height-default elementor-section-height-default\" data-id=\"54afd43\" data-element_type=\"section\" data-e-type=\"section\" data-settings=\"{&quot;jet_parallax_layout_list&quot;:[]}\">\n\t\t\t\t\t\t<div class=\"elementor-container elementor-column-gap-default\">\n\t\t\t\t\t<div class=\"elementor-column elementor-col-100 elementor-top-column elementor-element elementor-element-aa8bd8c\" data-id=\"aa8bd8c\" data-element_type=\"column\" data-e-type=\"column\">\n\t\t\t<div class=\"elementor-widget-wrap elementor-element-populated\">\n\t\t\t\t\t\t<div class=\"elementor-element elementor-element-700d1bd elementor-widget elementor-widget-heading\" data-id=\"700d1bd\" data-element_type=\"widget\" data-e-type=\"widget\" data-widget_type=\"heading.default\">\n\t\t\t\t<div class=\"elementor-widget-container\">\n\t\t\t\t\t<h2 class=\"elementor-heading-title elementor-size-default\">soup<\/h2>\t\t\t\t<\/div>\n\t\t\t\t<\/div>\n\t\t\t\t<div class=\"elementor-element elementor-element-0b5a08b menu-items elementor-widget elementor-widget-jet-listing-dynamic-repeater\" data-id=\"0b5a08b\" data-element_type=\"widget\" data-e-type=\"widget\" data-widget_type=\"jet-listing-dynamic-repeater.default\">\n\t\t\t\t<div class=\"elementor-widget-container\">\n\t\t\t\t\t<div class=\"jet-listing jet-listing-dynamic-repeater\"><div class=\"jet-listing-dynamic-repeater__items \"><div class=\"jet-listing-dynamic-repeater__item\"><div class=\"menu-items__wrapper\">\n<div class=\"menu-item__name\">Pork soup with liver dumplings, meat and vegetable<\/div>\n<div class=\"menu-item__price\">...&nbsp;139 CZK<\/div>\n<\/div><\/div><\/div><\/div>\t\t\t\t<\/div>\n\t\t\t\t<\/div>\n\t\t\t\t\t<\/div>\n\t\t<\/div>\n\t\t\t\t\t<\/div>\n\t\t<\/section>\n\t\t\t\t<\/div>\n\t\t<\/div><div class=\"jet-listing-grid__item jet-listing-dynamic-post-1200\" data-post-id=\"1200\" >\t\t<div data-elementor-type=\"jet-listing-items\" data-elementor-id=\"224\" class=\"elementor elementor-224\" data-elementor-post-type=\"jet-engine\">\n\t\t\t\t\t\t<section class=\"elementor-section elementor-top-section elementor-element elementor-element-54afd43 elementor-section-boxed elementor-section-height-default elementor-section-height-default\" data-id=\"54afd43\" data-element_type=\"section\" data-e-type=\"section\" data-settings=\"{&quot;jet_parallax_layout_list&quot;:[]}\">\n\t\t\t\t\t\t<div class=\"elementor-container elementor-column-gap-default\">\n\t\t\t\t\t<div class=\"elementor-column elementor-col-100 elementor-top-column elementor-element elementor-element-aa8bd8c\" data-id=\"aa8bd8c\" data-element_type=\"column\" data-e-type=\"column\">\n\t\t\t<div class=\"elementor-widget-wrap elementor-element-populated\">\n\t\t\t\t\t\t<div class=\"elementor-element elementor-element-700d1bd elementor-widget elementor-widget-heading\" data-id=\"700d1bd\" data-element_type=\"widget\" data-e-type=\"widget\" data-widget_type=\"heading.default\">\n\t\t\t\t<div class=\"elementor-widget-container\">\n\t\t\t\t\t<h2 class=\"elementor-heading-title elementor-size-default\">main course<\/h2>\t\t\t\t<\/div>\n\t\t\t\t<\/div>\n\t\t\t\t<div class=\"elementor-element elementor-element-0b5a08b menu-items elementor-widget elementor-widget-jet-listing-dynamic-repeater\" data-id=\"0b5a08b\" data-element_type=\"widget\" data-e-type=\"widget\" data-widget_type=\"jet-listing-dynamic-repeater.default\">\n\t\t\t\t<div class=\"elementor-widget-container\">\n\t\t\t\t\t<div class=\"jet-listing jet-listing-dynamic-repeater\"><div class=\"jet-listing-dynamic-repeater__items \"><div class=\"jet-listing-dynamic-repeater__item\"><div class=\"menu-items__wrapper\">\n<div class=\"menu-item__name\">Roasted duck (1\/4), red cabbage, carlsbad dumplings<\/div>\n<div class=\"menu-item__price\">...&nbsp;459 CZK<\/div>\n<\/div><\/div><div class=\"jet-listing-dynamic-repeater__item\"><div class=\"menu-items__wrapper\">\n<div class=\"menu-item__name\">Roasted duck (1\/2), red cabbage, carlsbad dumplings<\/div>\n<div class=\"menu-item__price\">...&nbsp;759 CZK<\/div>\n<\/div><\/div><div class=\"jet-listing-dynamic-repeater__item\"><div class=\"menu-items__wrapper\">\n<div class=\"menu-item__name\">Roasted duck (whole), red cabbage, carlsbad dumplings<\/div>\n<div class=\"menu-item__price\">...&nbsp;1.639 CZK<\/div>\n<\/div><\/div><div class=\"jet-listing-dynamic-repeater__item\"><div class=\"menu-items__wrapper\">\n<div class=\"menu-item__name\">Roasted pork knuckle, mixed mustard, fresh horseradish<\/div>\n<div class=\"menu-item__price\">...&nbsp;819 CZK<\/div>\n<\/div><\/div><div class=\"jet-listing-dynamic-repeater__item\"><div class=\"menu-items__wrapper\">\n<div class=\"menu-item__name\">Roasted pork collar, white cabbage, bread dumplings<\/div>\n<div class=\"menu-item__price\">...&nbsp;425 CZK<\/div>\n<\/div><\/div><div class=\"jet-listing-dynamic-repeater__item\"><div class=\"menu-items__wrapper\">\n<div class=\"menu-item__name\">Braised beef with creamy vegetable sauce, bread dumplings, cranberries<\/div>\n<div class=\"menu-item__price\">...&nbsp;439 CZK<\/div>\n<\/div><\/div><div class=\"jet-listing-dynamic-repeater__item\"><div class=\"menu-items__wrapper\">\n<div class=\"menu-item__name\">Beef goulash, bread dumplings<\/div>\n<div class=\"menu-item__price\">...&nbsp;425 CZK<\/div>\n<\/div><\/div><div class=\"jet-listing-dynamic-repeater__item\"><div class=\"menu-items__wrapper\">\n<div class=\"menu-item__name\">Chicken paprikash, bread dumplings<\/div>\n<div class=\"menu-item__price\">...&nbsp;415 CZK<\/div>\n<\/div><\/div><div class=\"jet-listing-dynamic-repeater__item\"><div class=\"menu-items__wrapper\">\n<div class=\"menu-item__name\">Chicken schnitzel, butter potatoes<\/div>\n<div class=\"menu-item__price\">...&nbsp;425 CZK<\/div>\n<\/div><\/div><div class=\"jet-listing-dynamic-repeater__item\"><div class=\"menu-items__wrapper\">\n<div class=\"menu-item__name\">Fried cheese, butter potatoes, tartar sauce<\/div>\n<div class=\"menu-item__price\">...&nbsp;325 CZK<\/div>\n<\/div><\/div><div class=\"jet-listing-dynamic-repeater__item\"><div class=\"menu-items__wrapper\">\n<div class=\"menu-item__name\">Selection of main courses (approx. for 6 people)<\/div>\n<div class=\"menu-item__price\">...&nbsp;2.610 CZK<\/div>\n<\/div><\/div><\/div><\/div>\t\t\t\t<\/div>\n\t\t\t\t<\/div>\n\t\t\t\t\t<\/div>\n\t\t<\/div>\n\t\t\t\t\t<\/div>\n\t\t<\/section>\n\t\t\t\t<\/div>\n\t\t<\/div><div class=\"jet-listing-grid__item jet-listing-dynamic-post-1201\" data-post-id=\"1201\" >\t\t<div data-elementor-type=\"jet-listing-items\" data-elementor-id=\"224\" class=\"elementor elementor-224\" data-elementor-post-type=\"jet-engine\">\n\t\t\t\t\t\t<section class=\"elementor-section elementor-top-section elementor-element elementor-element-54afd43 elementor-section-boxed elementor-section-height-default elementor-section-height-default\" data-id=\"54afd43\" data-element_type=\"section\" data-e-type=\"section\" data-settings=\"{&quot;jet_parallax_layout_list&quot;:[]}\">\n\t\t\t\t\t\t<div class=\"elementor-container elementor-column-gap-default\">\n\t\t\t\t\t<div class=\"elementor-column elementor-col-100 elementor-top-column elementor-element elementor-element-aa8bd8c\" data-id=\"aa8bd8c\" data-element_type=\"column\" data-e-type=\"column\">\n\t\t\t<div class=\"elementor-widget-wrap elementor-element-populated\">\n\t\t\t\t\t\t<div class=\"elementor-element elementor-element-700d1bd elementor-widget elementor-widget-heading\" data-id=\"700d1bd\" data-element_type=\"widget\" data-e-type=\"widget\" data-widget_type=\"heading.default\">\n\t\t\t\t<div class=\"elementor-widget-container\">\n\t\t\t\t\t<h2 class=\"elementor-heading-title elementor-size-default\">salads<\/h2>\t\t\t\t<\/div>\n\t\t\t\t<\/div>\n\t\t\t\t<div class=\"elementor-element elementor-element-0b5a08b menu-items elementor-widget elementor-widget-jet-listing-dynamic-repeater\" data-id=\"0b5a08b\" data-element_type=\"widget\" data-e-type=\"widget\" data-widget_type=\"jet-listing-dynamic-repeater.default\">\n\t\t\t\t<div class=\"elementor-widget-container\">\n\t\t\t\t\t<div class=\"jet-listing jet-listing-dynamic-repeater\"><div class=\"jet-listing-dynamic-repeater__items \"><div class=\"jet-listing-dynamic-repeater__item\"><div class=\"menu-items__wrapper\">\n<div class=\"menu-item__name\">Sauerkraut salad with spring onion and horseradish<\/div>\n<div class=\"menu-item__price\">...&nbsp;105 CZK<\/div>\n<\/div><\/div><div class=\"jet-listing-dynamic-repeater__item\"><div class=\"menu-items__wrapper\">\n<div class=\"menu-item__name\">Mixed vegetable salad<\/div>\n<div class=\"menu-item__price\">...&nbsp;159 CZK<\/div>\n<\/div><\/div><div class=\"jet-listing-dynamic-repeater__item\"><div class=\"menu-items__wrapper\">\n<div class=\"menu-item__name\">Large vegetable salad with grilled Camembert<\/div>\n<div class=\"menu-item__price\">...&nbsp;329 CZK<\/div>\n<\/div><\/div><\/div><\/div>\t\t\t\t<\/div>\n\t\t\t\t<\/div>\n\t\t\t\t\t<\/div>\n\t\t<\/div>\n\t\t\t\t\t<\/div>\n\t\t<\/section>\n\t\t\t\t<\/div>\n\t\t<\/div><div class=\"jet-listing-grid__item jet-listing-dynamic-post-1202\" data-post-id=\"1202\" >\t\t<div data-elementor-type=\"jet-listing-items\" data-elementor-id=\"224\" class=\"elementor elementor-224\" data-elementor-post-type=\"jet-engine\">\n\t\t\t\t\t\t<section class=\"elementor-section elementor-top-section elementor-element elementor-element-54afd43 elementor-section-boxed elementor-section-height-default elementor-section-height-default\" data-id=\"54afd43\" data-element_type=\"section\" data-e-type=\"section\" data-settings=\"{&quot;jet_parallax_layout_list&quot;:[]}\">\n\t\t\t\t\t\t<div class=\"elementor-container elementor-column-gap-default\">\n\t\t\t\t\t<div class=\"elementor-column elementor-col-100 elementor-top-column elementor-element elementor-element-aa8bd8c\" data-id=\"aa8bd8c\" data-element_type=\"column\" data-e-type=\"column\">\n\t\t\t<div class=\"elementor-widget-wrap elementor-element-populated\">\n\t\t\t\t\t\t<div class=\"elementor-element elementor-element-700d1bd elementor-widget elementor-widget-heading\" data-id=\"700d1bd\" data-element_type=\"widget\" data-e-type=\"widget\" data-widget_type=\"heading.default\">\n\t\t\t\t<div class=\"elementor-widget-container\">\n\t\t\t\t\t<h2 class=\"elementor-heading-title elementor-size-default\">dessert<\/h2>\t\t\t\t<\/div>\n\t\t\t\t<\/div>\n\t\t\t\t<div class=\"elementor-element elementor-element-0b5a08b menu-items elementor-widget elementor-widget-jet-listing-dynamic-repeater\" data-id=\"0b5a08b\" data-element_type=\"widget\" data-e-type=\"widget\" data-widget_type=\"jet-listing-dynamic-repeater.default\">\n\t\t\t\t<div class=\"elementor-widget-container\">\n\t\t\t\t\t<div class=\"jet-listing jet-listing-dynamic-repeater\"><div class=\"jet-listing-dynamic-repeater__items \"><div class=\"jet-listing-dynamic-repeater__item\"><div class=\"menu-items__wrapper\">\n<div class=\"menu-item__name\">Warm apple strudel with whipped cream<\/div>\n<div class=\"menu-item__price\">...&nbsp;159 CZK<\/div>\n<\/div><\/div><div class=\"jet-listing-dynamic-repeater__item\"><div class=\"menu-items__wrapper\">\n<div class=\"menu-item__name\">Poppy seed potato dumplings with clarified butter<\/div>\n<div class=\"menu-item__price\">...&nbsp;205 CZK<\/div>\n<\/div><\/div><\/div><\/div>\t\t\t\t<\/div>\n\t\t\t\t<\/div>\n\t\t\t\t\t<\/div>\n\t\t<\/div>\n\t\t\t\t\t<\/div>\n\t\t<\/section>\n\t\t\t\t<\/div>\n\t\t<\/div><div class=\"jet-listing-grid__item jet-listing-dynamic-post-1203\" data-post-id=\"1203\" >\t\t<div data-elementor-type=\"jet-listing-items\" data-elementor-id=\"224\" class=\"elementor elementor-224\" data-elementor-post-type=\"jet-engine\">\n\t\t\t\t\t\t<section class=\"elementor-section elementor-top-section elementor-element elementor-element-54afd43 elementor-section-boxed elementor-section-height-default elementor-section-height-default\" data-id=\"54afd43\" data-element_type=\"section\" data-e-type=\"section\" data-settings=\"{&quot;jet_parallax_layout_list&quot;:[]}\">\n\t\t\t\t\t\t<div class=\"elementor-container elementor-column-gap-default\">\n\t\t\t\t\t<div class=\"elementor-column elementor-col-100 elementor-top-column elementor-element elementor-element-aa8bd8c\" data-id=\"aa8bd8c\" data-element_type=\"column\" data-e-type=\"column\">\n\t\t\t<div class=\"elementor-widget-wrap elementor-element-populated\">\n\t\t\t\t\t\t<div class=\"elementor-element elementor-element-700d1bd elementor-widget elementor-widget-heading\" data-id=\"700d1bd\" data-element_type=\"widget\" data-e-type=\"widget\" data-widget_type=\"heading.default\">\n\t\t\t\t<div class=\"elementor-widget-container\">\n\t\t\t\t\t<h2 class=\"elementor-heading-title elementor-size-default\">side dishes<\/h2>\t\t\t\t<\/div>\n\t\t\t\t<\/div>\n\t\t\t\t<div class=\"elementor-element elementor-element-0b5a08b menu-items elementor-widget elementor-widget-jet-listing-dynamic-repeater\" data-id=\"0b5a08b\" data-element_type=\"widget\" data-e-type=\"widget\" data-widget_type=\"jet-listing-dynamic-repeater.default\">\n\t\t\t\t<div class=\"elementor-widget-container\">\n\t\t\t\t\t<div class=\"jet-listing jet-listing-dynamic-repeater\"><div class=\"jet-listing-dynamic-repeater__items \"><div class=\"jet-listing-dynamic-repeater__item\"><div class=\"menu-items__wrapper\">\n<div class=\"menu-item__name\">Bread dumpling<\/div>\n<div class=\"menu-item__price\">...&nbsp;65 CZK<\/div>\n<\/div><\/div><div class=\"jet-listing-dynamic-repeater__item\"><div class=\"menu-items__wrapper\">\n<div class=\"menu-item__name\">Carlsbad dumpling<\/div>\n<div class=\"menu-item__price\">...&nbsp;65 CZK<\/div>\n<\/div><\/div><div class=\"jet-listing-dynamic-repeater__item\"><div class=\"menu-items__wrapper\">\n<div class=\"menu-item__name\">Potatoes<\/div>\n<div class=\"menu-item__price\">...&nbsp;65 CZK<\/div>\n<\/div><\/div><div class=\"jet-listing-dynamic-repeater__item\"><div class=\"menu-items__wrapper\">\n<div class=\"menu-item__name\">Stewed cabbage<\/div>\n<div class=\"menu-item__price\">...&nbsp;65 CZK<\/div>\n<\/div><\/div><div class=\"jet-listing-dynamic-repeater__item\"><div class=\"menu-items__wrapper\">\n<div class=\"menu-item__name\">Pickles<\/div>\n<div class=\"menu-item__price\">...&nbsp;65 CZK<\/div>\n<\/div><\/div><div class=\"jet-listing-dynamic-repeater__item\"><div class=\"menu-items__wrapper\">\n<div class=\"menu-item__name\">Tartar sauce \/ ketchup<\/div>\n<div class=\"menu-item__price\">...&nbsp;45 CZK<\/div>\n<\/div><\/div><div class=\"jet-listing-dynamic-repeater__item\"><div class=\"menu-items__wrapper\">\n<div class=\"menu-item__name\">Bread<\/div>\n<div class=\"menu-item__price\">...&nbsp;49 CZK<\/div>\n<\/div><\/div><\/div><\/div>\t\t\t\t<\/div>\n\t\t\t\t<\/div>\n\t\t\t\t\t<\/div>\n\t\t<\/div>\n\t\t\t\t\t<\/div>\n\t\t<\/section>\n\t\t\t\t<\/div>\n\t\t<\/div><\/div><\/div>\t\t\t\t<\/div>\n\t\t\t\t<\/div>\n\t\t\t\t\t<\/div>\n\t\t<\/div>\n\t\t\t\t\t<\/div>\n\t\t<\/section>\n\t\t\t\t<\/div>\n\t\t","protected":false},"excerpt":{"rendered":"<p>Uzen\u00e1 pe\u010den\u011b z p\u0159e\u0161tick\u00e9ho vep\u0159e, m\u00edchan\u00e1 ho\u0159\u010dice, \u010derstv\u00fd k\u0159en, kv\u00e1skov\u00fd chl\u00e9b &#8230;&nbsp;165 K\u010d Pra\u017esk\u00e1 \u0161unka, k\u0159enov\u00e1 majon\u00e9za, kv\u00e1skov\u00fd chl\u00e9b &#8230;&nbsp;165 K\u010d Hork\u00fd p\u00e1rek z p\u0159e\u0161t\u00edka, m\u00edchan\u00e1 ho\u0159\u010dice, \u010derstv\u00fd k\u0159en, kv\u00e1skov\u00fd chl\u00e9b &#8230;&nbsp;135 K\u010d Tali\u00e1n, m\u00edchan\u00e1 ho\u0159\u010dice, \u010derstv\u00fd k\u0159en, kv\u00e1skov\u00fd chl\u00e9b &#8230;&nbsp;135 K\u010d Olomouck\u00e9 tvar\u016f\u017eky s km\u00ednem prokva\u0161en\u00e9 ve sv\u011btl\u00e9m pivu, m\u00e1slo, kv\u00e1skov\u00fd chl\u00e9b &#8230;&nbsp;155 K\u010d [&hellip;]<\/p>\n","protected":false},"author":2,"featured_media":0,"parent":0,"menu_order":0,"comment_status":"closed","ping_status":"closed","template":"","meta":{"footnotes":""},"class_list":["post-967","page","type-page","status-publish","hentry"],"acf":[],"_links":{"self":[{"href":"https:\/\/ukalicha.cz\/en\/wp-json\/wp\/v2\/pages\/967","targetHints":{"allow":["GET"]}}],"collection":[{"href":"https:\/\/ukalicha.cz\/en\/wp-json\/wp\/v2\/pages"}],"about":[{"href":"https:\/\/ukalicha.cz\/en\/wp-json\/wp\/v2\/types\/page"}],"author":[{"embeddable":true,"href":"https:\/\/ukalicha.cz\/en\/wp-json\/wp\/v2\/users\/2"}],"replies":[{"embeddable":true,"href":"https:\/\/ukalicha.cz\/en\/wp-json\/wp\/v2\/comments?post=967"}],"version-history":[{"count":12,"href":"https:\/\/ukalicha.cz\/en\/wp-json\/wp\/v2\/pages\/967\/revisions"}],"predecessor-version":[{"id":1663,"href":"https:\/\/ukalicha.cz\/en\/wp-json\/wp\/v2\/pages\/967\/revisions\/1663"}],"wp:attachment":[{"href":"https:\/\/ukalicha.cz\/en\/wp-json\/wp\/v2\/media?parent=967"}],"curies":[{"name":"wp","href":"https:\/\/api.w.org\/{rel}","templated":true}]}}